{"id":328,"date":"2022-02-24T14:58:37","date_gmt":"2022-02-24T14:58:37","guid":{"rendered":"https:\/\/algarvesummit.com\/contacts\/"},"modified":"2024-07-11T17:02:29","modified_gmt":"2024-07-11T17:02:29","slug":"contactos","status":"publish","type":"page","link":"https:\/\/algarvesummit.com\/pt-pt\/contactos\/","title":{"rendered":"Contactos"},"content":{"rendered":"\n\t<section class=\"section\" id=\"section_932702319\">\n\t\t<div class=\"bg section-bg fill bg-fill  bg-loaded\" >\n\n\t\t\t\n\t\t\t\n\t\t\t\n\n\t\t<\/div>\n\n\t\t\n\n\t\t<div class=\"section-content relative\">\n\t\t\t\n\n<div class=\"row align-middle align-center\"  id=\"row-1905114732\">\n\n\n\t<div id=\"col-422699838\" class=\"col small-12 large-12\"  >\n\t\t\t\t<div class=\"col-inner text-center\"  >\n\t\t\t\n\t\t\t\n\n\t<div id=\"gap-2039411317\" class=\"gap-element clearfix\" style=\"display:block; height:auto;\">\n\t\t\n<style>\n#gap-2039411317 {\n  padding-top: 70px;\n}\n<\/style>\n\t<\/div>\n\t\n\n<div class=\"container section-title-container\" ><h1 class=\"section-title section-title-normal\"><b><\/b><span class=\"section-title-main\" style=\"font-size:151%;color:rgb(0, 0, 0);\">CONTACTOS<\/span><b><\/b><\/h1><\/div>\n\n\n\t\t<\/div>\n\t\t\t\t\t<\/div>\n\n\t\n\n<\/div>\n<div class=\"row\"  id=\"row-1996831828\">\n\n\n\t<div id=\"col-1357972822\" class=\"col medium-4 small-12 large-4\"  >\n\t\t\t\t<div class=\"col-inner\"  >\n\t\t\t\n\t\t\t\n\n\t<div id=\"text-3805346314\" class=\"text\">\n\t\t\n\n<h2>Vamos falar?<\/h2>\n<p class=\"elementor-heading-title elementor-size-default\">Entra em contacto conosco ou deixa-nos uma mensagem e os teus dados que retornaremos o contacto.<\/p>\n<p><span style=\"color: #000000;\"><strong><a style=\"color: #000000;\" href=\"mailto:hello@algarvesummit.com\">hello@algarvesummit.com<\/a><\/strong><\/span><\/p>\n\n\t\t\n<style>\n#text-3805346314 {\n  color: rgb(0, 0, 0);\n}\n#text-3805346314 > * {\n  color: rgb(0, 0, 0);\n}\n<\/style>\n\t<\/div>\n\t\n\n\t\t<\/div>\n\t\t\t\t\t<\/div>\n\n\t\n\n\t<div id=\"col-1313688546\" class=\"col medium-8 small-12 large-8\"  >\n\t\t\t\t<div class=\"col-inner\"  >\n\t\t\t\n\t\t\t\n\n\n<div class=\"wpcf7 no-js\" id=\"wpcf7-f325-o1\" lang=\"en-US\" dir=\"ltr\">\n<div class=\"screen-reader-response\"><p role=\"status\" aria-live=\"polite\" aria-atomic=\"true\"><\/p> <ul><\/ul><\/div>\n<form action=\"\/pt-pt\/wp-json\/wp\/v2\/pages\/328#wpcf7-f325-o1\" method=\"post\" class=\"wpcf7-form init\" aria-label=\"Contact form\" novalidate=\"novalidate\" data-status=\"init\">\n<div style=\"display: none;\">\n<input type=\"hidden\" name=\"_wpcf7\" value=\"325\" \/>\n<input type=\"hidden\" name=\"_wpcf7_version\" value=\"5.9.8\" \/>\n<input type=\"hidden\" name=\"_wpcf7_locale\" value=\"en_US\" \/>\n<input type=\"hidden\" name=\"_wpcf7_unit_tag\" value=\"wpcf7-f325-o1\" \/>\n<input type=\"hidden\" name=\"_wpcf7_container_post\" value=\"0\" \/>\n<input type=\"hidden\" name=\"_wpcf7_posted_data_hash\" value=\"\" \/>\n<input type=\"hidden\" name=\"_wpcf7_recaptcha_response\" value=\"\" \/>\n<\/div>\n<div class=\"form-flat\">\n\t<p><span class=\"wpcf7-form-control-wrap\" data-name=\"your-name\"><input size=\"40\" maxlength=\"400\" class=\"wpcf7-form-control wpcf7-text wpcf7-validates-as-required\" aria-required=\"true\" aria-invalid=\"false\" placeholder=\"Nome (obrigat\u00f3rio)\" value=\"\" type=\"text\" name=\"your-name\" \/><\/span><br \/>\n<span class=\"wpcf7-form-control-wrap\" data-name=\"your-email\"><input size=\"40\" maxlength=\"400\" class=\"wpcf7-form-control wpcf7-email wpcf7-validates-as-required wpcf7-text wpcf7-validates-as-email\" aria-required=\"true\" aria-invalid=\"false\" placeholder=\"Email (obrigat\u00f3rio)\" value=\"\" type=\"email\" name=\"your-email\" \/><\/span><br \/>\n<span class=\"wpcf7-form-control-wrap\" data-name=\"your-message\"><textarea cols=\"40\" rows=\"10\" maxlength=\"2000\" class=\"wpcf7-form-control wpcf7-textarea wpcf7-validates-as-required\" aria-required=\"true\" aria-invalid=\"false\" placeholder=\"Mensagem (obrigat\u00f3rio)\" name=\"your-message\"><\/textarea><\/span>\n\t<\/p>\n\t<p><span class=\"wpcf7-form-control-wrap\" data-name=\"acceptance-707\"><span class=\"wpcf7-form-control wpcf7-acceptance\"><span class=\"wpcf7-list-item\"><label><input type=\"checkbox\" name=\"acceptance-707\" value=\"1\" aria-invalid=\"false\" \/><span class=\"wpcf7-list-item-label\">Autorizo \u200b\u200ba Algarve Summit a guardar a minha informa\u00e7\u00e3o submetida em conformidade com as disposi\u00e7\u00f5es do RGPD.<\/span><\/label><\/span><\/span><\/span>\n\t<\/p>\n\t<p><input class=\"wpcf7-form-control wpcf7-submit has-spinner button\" type=\"submit\" value=\"Enviar\" \/>\n\t<\/p>\n<\/div><div class=\"wpcf7-response-output\" aria-hidden=\"true\"><\/div>\n<\/form>\n<\/div>\n\n\n\n\t\t<\/div>\n\t\t\t\t\t<\/div>\n\n\t\n\n<\/div>\n\n\t\t<\/div>\n\n\t\t\n<style>\n#section_932702319 {\n  padding-top: 0px;\n  padding-bottom: 0px;\n}\n#section_932702319 .ux-shape-divider--top svg {\n  height: 150px;\n  --divider-top-width: 100%;\n}\n#section_932702319 .ux-shape-divider--bottom svg {\n  height: 150px;\n  --divider-width: 100%;\n}\n<\/style>\n\t<\/section>\n\t\n\t<div id=\"gap-493088117\" class=\"gap-element clearfix\" style=\"display:block; height:auto;\">\n\t\t\n<style>\n#gap-493088117 {\n  padding-top: 120px;\n}\n<\/style>\n\t<\/div>\n\t\n\n\n","protected":false},"excerpt":{"rendered":"","protected":false},"author":1,"featured_media":0,"parent":0,"menu_order":0,"comment_status":"closed","ping_status":"closed","template":"","meta":{"footnotes":""},"class_list":["post-328","page","type-page","status-publish","hentry"],"yoast_head":"<!-- This site is optimized with the Yoast SEO plugin v23.6 - https:\/\/yoast.com\/wordpress\/plugins\/seo\/ -->\n<title>Contactos - Algarve Tech Hub Summit<\/title>\n<meta name=\"robots\" content=\"index, follow, max-snippet:-1, max-image-preview:large, max-video-preview:-1\" \/>\n<link rel=\"canonical\" href=\"https:\/\/algarvesummit.com\/pt-pt\/contactos\/\" \/>\n<meta property=\"og:locale\" content=\"pt_PT\" \/>\n<meta property=\"og:type\" content=\"article\" \/>\n<meta property=\"og:title\" content=\"Contactos - Algarve Tech Hub Summit\" \/>\n<meta property=\"og:url\" content=\"https:\/\/algarvesummit.com\/pt-pt\/contactos\/\" \/>\n<meta property=\"og:site_name\" content=\"Algarve Tech Hub Summit\" \/>\n<meta property=\"article:modified_time\" content=\"2024-07-11T17:02:29+00:00\" \/>\n<meta property=\"og:image\" content=\"https:\/\/algarvesummit.com\/wp-content\/uploads\/2025\/10\/Algarve-Tech-Hub-Summit-2025-Lagos.png\" \/>\n\t<meta property=\"og:image:width\" content=\"1792\" \/>\n\t<meta property=\"og:image:height\" content=\"1138\" \/>\n\t<meta property=\"og:image:type\" content=\"image\/png\" \/>\n<meta name=\"twitter:card\" content=\"summary_large_image\" \/>\n<meta name=\"twitter:label1\" content=\"Tempo estimado de leitura\" \/>\n\t<meta name=\"twitter:data1\" content=\"1 minuto\" \/>\n<script type=\"application\/ld+json\" class=\"yoast-schema-graph\">{\"@context\":\"https:\/\/schema.org\",\"@graph\":[{\"@type\":\"WebPage\",\"@id\":\"https:\/\/algarvesummit.com\/pt-pt\/contactos\/\",\"url\":\"https:\/\/algarvesummit.com\/pt-pt\/contactos\/\",\"name\":\"Contactos - Algarve Tech Hub Summit\",\"isPartOf\":{\"@id\":\"https:\/\/algarvesummit.com\/pt-pt\/#website\"},\"datePublished\":\"2022-02-24T14:58:37+00:00\",\"dateModified\":\"2024-07-11T17:02:29+00:00\",\"breadcrumb\":{\"@id\":\"https:\/\/algarvesummit.com\/pt-pt\/contactos\/#breadcrumb\"},\"inLanguage\":\"pt-PT\",\"potentialAction\":[{\"@type\":\"ReadAction\",\"target\":[\"https:\/\/algarvesummit.com\/pt-pt\/contactos\/\"]}]},{\"@type\":\"BreadcrumbList\",\"@id\":\"https:\/\/algarvesummit.com\/pt-pt\/contactos\/#breadcrumb\",\"itemListElement\":[{\"@type\":\"ListItem\",\"position\":1,\"name\":\"In\u00edcio\",\"item\":\"https:\/\/algarvesummit.com\/pt-pt\/\"},{\"@type\":\"ListItem\",\"position\":2,\"name\":\"Contactos\"}]},{\"@type\":\"WebSite\",\"@id\":\"https:\/\/algarvesummit.com\/pt-pt\/#website\",\"url\":\"https:\/\/algarvesummit.com\/pt-pt\/\",\"name\":\"Algarve Tech Hub Summit\",\"description\":\"Algarve Tech Hub Summit\",\"publisher\":{\"@id\":\"https:\/\/algarvesummit.com\/pt-pt\/#organization\"},\"alternateName\":\"ATH\",\"potentialAction\":[{\"@type\":\"SearchAction\",\"target\":{\"@type\":\"EntryPoint\",\"urlTemplate\":\"https:\/\/algarvesummit.com\/pt-pt\/?s={search_term_string}\"},\"query-input\":{\"@type\":\"PropertyValueSpecification\",\"valueRequired\":true,\"valueName\":\"search_term_string\"}}],\"inLanguage\":\"pt-PT\"},{\"@type\":\"Organization\",\"@id\":\"https:\/\/algarvesummit.com\/pt-pt\/#organization\",\"name\":\"ATH\",\"alternateName\":\"ATH\",\"url\":\"https:\/\/algarvesummit.com\/pt-pt\/\",\"logo\":{\"@type\":\"ImageObject\",\"inLanguage\":\"pt-PT\",\"@id\":\"https:\/\/algarvesummit.com\/pt-pt\/#\/schema\/logo\/image\/\",\"url\":\"https:\/\/algarvesummit.com\/wp-content\/uploads\/2025\/08\/cores_horizontal.png\",\"contentUrl\":\"https:\/\/algarvesummit.com\/wp-content\/uploads\/2025\/08\/cores_horizontal.png\",\"width\":2536,\"height\":801,\"caption\":\"ATH\"},\"image\":{\"@id\":\"https:\/\/algarvesummit.com\/pt-pt\/#\/schema\/logo\/image\/\"}}]}<\/script>\n<!-- \/ Yoast SEO plugin. -->","yoast_head_json":{"title":"Contactos - Algarve Tech Hub Summit","robots":{"index":"index","follow":"follow","max-snippet":"max-snippet:-1","max-image-preview":"max-image-preview:large","max-video-preview":"max-video-preview:-1"},"canonical":"https:\/\/algarvesummit.com\/pt-pt\/contactos\/","og_locale":"pt_PT","og_type":"article","og_title":"Contactos - Algarve Tech Hub Summit","og_url":"https:\/\/algarvesummit.com\/pt-pt\/contactos\/","og_site_name":"Algarve Tech Hub Summit","article_modified_time":"2024-07-11T17:02:29+00:00","og_image":[{"width":1792,"height":1138,"url":"https:\/\/algarvesummit.com\/wp-content\/uploads\/2025\/10\/Algarve-Tech-Hub-Summit-2025-Lagos.png","type":"image\/png"}],"twitter_card":"summary_large_image","twitter_misc":{"Tempo estimado de leitura":"1 minuto"},"schema":{"@context":"https:\/\/schema.org","@graph":[{"@type":"WebPage","@id":"https:\/\/algarvesummit.com\/pt-pt\/contactos\/","url":"https:\/\/algarvesummit.com\/pt-pt\/contactos\/","name":"Contactos - Algarve Tech Hub Summit","isPartOf":{"@id":"https:\/\/algarvesummit.com\/pt-pt\/#website"},"datePublished":"2022-02-24T14:58:37+00:00","dateModified":"2024-07-11T17:02:29+00:00","breadcrumb":{"@id":"https:\/\/algarvesummit.com\/pt-pt\/contactos\/#breadcrumb"},"inLanguage":"pt-PT","potentialAction":[{"@type":"ReadAction","target":["https:\/\/algarvesummit.com\/pt-pt\/contactos\/"]}]},{"@type":"BreadcrumbList","@id":"https:\/\/algarvesummit.com\/pt-pt\/contactos\/#breadcrumb","itemListElement":[{"@type":"ListItem","position":1,"name":"In\u00edcio","item":"https:\/\/algarvesummit.com\/pt-pt\/"},{"@type":"ListItem","position":2,"name":"Contactos"}]},{"@type":"WebSite","@id":"https:\/\/algarvesummit.com\/pt-pt\/#website","url":"https:\/\/algarvesummit.com\/pt-pt\/","name":"Algarve Tech Hub Summit","description":"Algarve Tech Hub Summit","publisher":{"@id":"https:\/\/algarvesummit.com\/pt-pt\/#organization"},"alternateName":"ATH","potentialAction":[{"@type":"SearchAction","target":{"@type":"EntryPoint","urlTemplate":"https:\/\/algarvesummit.com\/pt-pt\/?s={search_term_string}"},"query-input":{"@type":"PropertyValueSpecification","valueRequired":true,"valueName":"search_term_string"}}],"inLanguage":"pt-PT"},{"@type":"Organization","@id":"https:\/\/algarvesummit.com\/pt-pt\/#organization","name":"ATH","alternateName":"ATH","url":"https:\/\/algarvesummit.com\/pt-pt\/","logo":{"@type":"ImageObject","inLanguage":"pt-PT","@id":"https:\/\/algarvesummit.com\/pt-pt\/#\/schema\/logo\/image\/","url":"https:\/\/algarvesummit.com\/wp-content\/uploads\/2025\/08\/cores_horizontal.png","contentUrl":"https:\/\/algarvesummit.com\/wp-content\/uploads\/2025\/08\/cores_horizontal.png","width":2536,"height":801,"caption":"ATH"},"image":{"@id":"https:\/\/algarvesummit.com\/pt-pt\/#\/schema\/logo\/image\/"}}]}},"_links":{"self":[{"href":"https:\/\/algarvesummit.com\/pt-pt\/wp-json\/wp\/v2\/pages\/328","targetHints":{"allow":["GET"]}}],"collection":[{"href":"https:\/\/algarvesummit.com\/pt-pt\/wp-json\/wp\/v2\/pages"}],"about":[{"href":"https:\/\/algarvesummit.com\/pt-pt\/wp-json\/wp\/v2\/types\/page"}],"author":[{"embeddable":true,"href":"https:\/\/algarvesummit.com\/pt-pt\/wp-json\/wp\/v2\/users\/1"}],"replies":[{"embeddable":true,"href":"https:\/\/algarvesummit.com\/pt-pt\/wp-json\/wp\/v2\/comments?post=328"}],"version-history":[{"count":4,"href":"https:\/\/algarvesummit.com\/pt-pt\/wp-json\/wp\/v2\/pages\/328\/revisions"}],"predecessor-version":[{"id":1362,"href":"https:\/\/algarvesummit.com\/pt-pt\/wp-json\/wp\/v2\/pages\/328\/revisions\/1362"}],"wp:attachment":[{"href":"https:\/\/algarvesummit.com\/pt-pt\/wp-json\/wp\/v2\/media?parent=328"}],"curies":[{"name":"wp","href":"https:\/\/api.w.org\/{rel}","templated":true}]}}