{"id":341,"date":"2022-02-24T16:00:47","date_gmt":"2022-02-24T16:00:47","guid":{"rendered":"https:\/\/algarvesummit.com\/?page_id=341"},"modified":"2024-07-11T16:48:13","modified_gmt":"2024-07-11T16:48:13","slug":"sobre","status":"publish","type":"page","link":"https:\/\/algarvesummit.com\/pt-pt\/sobre\/","title":{"rendered":"Sobre"},"content":{"rendered":"\n\t<section class=\"section\" id=\"section_618690388\">\n\t\t<div class=\"bg section-bg fill bg-fill  bg-loaded\" >\n\n\t\t\t\n\t\t\t\n\t\t\t\n\n\t\t<\/div>\n\n\t\t\n\n\t\t<div class=\"section-content relative\">\n\t\t\t\n\n<div class=\"row align-middle align-center\"  id=\"row-134631958\">\n\n\n\t<div id=\"col-1192527330\" class=\"col small-12 large-12\"  >\n\t\t\t\t<div class=\"col-inner text-center\"  >\n\t\t\t\n\t\t\t\n\n\t<div id=\"gap-1333658652\" class=\"gap-element clearfix\" style=\"display:block; height:auto;\">\n\t\t\n<style>\n#gap-1333658652 {\n  padding-top: 70px;\n}\n<\/style>\n\t<\/div>\n\t\n\n<div class=\"container section-title-container\" ><h1 class=\"section-title section-title-normal\"><b><\/b><span class=\"section-title-main\" style=\"font-size:151%;color:rgb(0, 0, 0);\">SOBRE O EVENTO<\/span><b><\/b><\/h1><\/div>\n\n\n\t\t<\/div>\n\t\t\t\t\t<\/div>\n\n\t\n\n<\/div>\n\t<div id=\"text-999614786\" class=\"text\">\n\t\t\n\n<p>O Algarve Tech Hub (ATH) Summit \u00e9 verdadeiramente o epicentro da inova\u00e7\u00e3o e tecnologia no Algarve, um evento que n\u00e3o apenas celebra as conquistas da regi\u00e3o, mas tamb\u00e9m visa impulsionar o crescimento econ\u00f3mico de forma significativa. Durante tr\u00eas dias intensos, este encontro re\u00fane uma mir\u00edade de mentes brilhantes e influentes, todas unidas por um prop\u00f3sito comum: promover o ecossistema de inova\u00e7\u00e3o do Algarve \u00e0 escala internacional.<\/p>\n<p>Um dos pontos altos do ATH Summit \u00e9 a sua impressionante lista de oradores. Com nomes proeminentes tanto a n\u00edvel nacional quanto internacional, o evento pretende atrair <em>policy makers<\/em>, CEOs de empresas l\u00edderes, investidores e empreendedores vision\u00e1rios e especialistas em diversas \u00e1reas com palestras e pain\u00e9is de discuss\u00e3o que n\u00e3o apenas informam e educam, mas tamb\u00e9m inspiram e motivam aqueles que participam.<\/p>\n<p>Mais do que apenas um f\u00f3rum de palestras, o Algarve Tech Hub Summit \u00e9 um espa\u00e7o para construir conex\u00f5es valiosas e estabelecer parcerias estrat\u00e9gicas. O evento proporciona in\u00fameras oportunidades de networking, onde empresas podem encontrar potenciais colaboradores, investidores podem descobrir oportunidades de investimento e indiv\u00edduos podem se conectar com mentores e colegas de ideias afins.<\/p>\n<p>Al\u00e9m disso, o ATH Summit desempenha um papel crucial no fortalecimento da comunidade tecnol\u00f3gica do Algarve. Ao reunir empresas, comunidades e indiv\u00edduos sob o mesmo teto, o evento cria um ambiente prop\u00edcio para a partilha de conhecimento, a troca de experi\u00eancias e o crescimento coletivo.<\/p>\n\t\t\n<style>\n#text-999614786 {\n  color: rgb(0, 0, 0);\n}\n#text-999614786 > * {\n  color: rgb(0, 0, 0);\n}\n<\/style>\n\t<\/div>\n\t\n<div class=\"row row-full-width align-middle align-center\"  id=\"row-1830804394\">\n\n\n\t<div id=\"col-790243482\" class=\"col medium-4 small-12 large-4\"  >\n\t\t\t\t<div class=\"col-inner\"  >\n\t\t\t\n\t\t\t\n\n\n\t\t<\/div>\n\t\t\t\t\t<\/div>\n\n\t\n\n\t<div id=\"col-1294883145\" class=\"col medium-4 small-12 large-4\"  >\n\t\t\t\t<div class=\"col-inner\"  >\n\t\t\t\n\t\t\t\n\n\t<div id=\"gap-34656531\" class=\"gap-element clearfix\" style=\"display:block; height:auto;\">\n\t\t\n<style>\n#gap-34656531 {\n  padding-top: 60px;\n}\n<\/style>\n\t<\/div>\n\t\n\n\n\t\t<\/div>\n\t\t\t\t\t<\/div>\n\n\t\n\n\t<div id=\"col-952539384\" class=\"col medium-4 small-12 large-4\"  >\n\t\t\t\t<div class=\"col-inner\"  >\n\t\t\t\n\t\t\t\n\n\n\t\t<\/div>\n\t\t\t\t\t<\/div>\n\n\t\n\n<\/div>\n\n\t\t<\/div>\n\n\t\t\n<style>\n#section_618690388 {\n  padding-top: 0px;\n  padding-bottom: 0px;\n}\n#section_618690388 .ux-shape-divider--top svg {\n  height: 150px;\n  --divider-top-width: 100%;\n}\n#section_618690388 .ux-shape-divider--bottom svg {\n  height: 150px;\n  --divider-width: 100%;\n}\n<\/style>\n\t<\/section>\n\t\n\t<div id=\"gap-1260465863\" class=\"gap-element clearfix\" style=\"display:block; height:auto;\">\n\t\t\n<style>\n#gap-1260465863 {\n  padding-top: 120px;\n}\n<\/style>\n\t<\/div>\n\t\n\n\n","protected":false},"excerpt":{"rendered":"","protected":false},"author":1,"featured_media":0,"parent":0,"menu_order":0,"comment_status":"closed","ping_status":"closed","template":"","meta":{"footnotes":""},"class_list":["post-341","page","type-page","status-publish","hentry"],"yoast_head":"<!-- This site is optimized with the Yoast SEO plugin v23.6 - https:\/\/yoast.com\/wordpress\/plugins\/seo\/ -->\n<title>Sobre - Algarve Tech Hub Summit<\/title>\n<meta name=\"robots\" content=\"index, follow, max-snippet:-1, max-image-preview:large, max-video-preview:-1\" \/>\n<link rel=\"canonical\" href=\"https:\/\/algarvesummit.com\/pt-pt\/sobre\/\" \/>\n<meta property=\"og:locale\" content=\"pt_PT\" \/>\n<meta property=\"og:type\" content=\"article\" \/>\n<meta property=\"og:title\" content=\"Sobre - Algarve Tech Hub Summit\" \/>\n<meta property=\"og:url\" content=\"https:\/\/algarvesummit.com\/pt-pt\/sobre\/\" \/>\n<meta property=\"og:site_name\" content=\"Algarve Tech Hub Summit\" \/>\n<meta property=\"article:modified_time\" content=\"2024-07-11T16:48:13+00:00\" \/>\n<meta property=\"og:image\" content=\"https:\/\/algarvesummit.com\/wp-content\/uploads\/2025\/10\/Algarve-Tech-Hub-Summit-2025-Lagos.png\" \/>\n\t<meta property=\"og:image:width\" content=\"1792\" \/>\n\t<meta property=\"og:image:height\" content=\"1138\" \/>\n\t<meta property=\"og:image:type\" content=\"image\/png\" \/>\n<meta name=\"twitter:card\" content=\"summary_large_image\" \/>\n<meta name=\"twitter:label1\" content=\"Tempo estimado de leitura\" \/>\n\t<meta name=\"twitter:data1\" content=\"2 minutos\" \/>\n<script type=\"application\/ld+json\" class=\"yoast-schema-graph\">{\"@context\":\"https:\/\/schema.org\",\"@graph\":[{\"@type\":\"WebPage\",\"@id\":\"https:\/\/algarvesummit.com\/pt-pt\/sobre\/\",\"url\":\"https:\/\/algarvesummit.com\/pt-pt\/sobre\/\",\"name\":\"Sobre - Algarve Tech Hub Summit\",\"isPartOf\":{\"@id\":\"https:\/\/algarvesummit.com\/pt-pt\/#website\"},\"datePublished\":\"2022-02-24T16:00:47+00:00\",\"dateModified\":\"2024-07-11T16:48:13+00:00\",\"breadcrumb\":{\"@id\":\"https:\/\/algarvesummit.com\/pt-pt\/sobre\/#breadcrumb\"},\"inLanguage\":\"pt-PT\",\"potentialAction\":[{\"@type\":\"ReadAction\",\"target\":[\"https:\/\/algarvesummit.com\/pt-pt\/sobre\/\"]}]},{\"@type\":\"BreadcrumbList\",\"@id\":\"https:\/\/algarvesummit.com\/pt-pt\/sobre\/#breadcrumb\",\"itemListElement\":[{\"@type\":\"ListItem\",\"position\":1,\"name\":\"In\u00edcio\",\"item\":\"https:\/\/algarvesummit.com\/pt-pt\/\"},{\"@type\":\"ListItem\",\"position\":2,\"name\":\"Sobre\"}]},{\"@type\":\"WebSite\",\"@id\":\"https:\/\/algarvesummit.com\/pt-pt\/#website\",\"url\":\"https:\/\/algarvesummit.com\/pt-pt\/\",\"name\":\"Algarve Tech Hub Summit\",\"description\":\"Algarve Tech Hub Summit\",\"publisher\":{\"@id\":\"https:\/\/algarvesummit.com\/pt-pt\/#organization\"},\"alternateName\":\"ATH\",\"potentialAction\":[{\"@type\":\"SearchAction\",\"target\":{\"@type\":\"EntryPoint\",\"urlTemplate\":\"https:\/\/algarvesummit.com\/pt-pt\/?s={search_term_string}\"},\"query-input\":{\"@type\":\"PropertyValueSpecification\",\"valueRequired\":true,\"valueName\":\"search_term_string\"}}],\"inLanguage\":\"pt-PT\"},{\"@type\":\"Organization\",\"@id\":\"https:\/\/algarvesummit.com\/pt-pt\/#organization\",\"name\":\"ATH\",\"alternateName\":\"ATH\",\"url\":\"https:\/\/algarvesummit.com\/pt-pt\/\",\"logo\":{\"@type\":\"ImageObject\",\"inLanguage\":\"pt-PT\",\"@id\":\"https:\/\/algarvesummit.com\/pt-pt\/#\/schema\/logo\/image\/\",\"url\":\"https:\/\/algarvesummit.com\/wp-content\/uploads\/2025\/08\/cores_horizontal.png\",\"contentUrl\":\"https:\/\/algarvesummit.com\/wp-content\/uploads\/2025\/08\/cores_horizontal.png\",\"width\":2536,\"height\":801,\"caption\":\"ATH\"},\"image\":{\"@id\":\"https:\/\/algarvesummit.com\/pt-pt\/#\/schema\/logo\/image\/\"}}]}<\/script>\n<!-- \/ Yoast SEO plugin. -->","yoast_head_json":{"title":"Sobre - Algarve Tech Hub Summit","robots":{"index":"index","follow":"follow","max-snippet":"max-snippet:-1","max-image-preview":"max-image-preview:large","max-video-preview":"max-video-preview:-1"},"canonical":"https:\/\/algarvesummit.com\/pt-pt\/sobre\/","og_locale":"pt_PT","og_type":"article","og_title":"Sobre - Algarve Tech Hub Summit","og_url":"https:\/\/algarvesummit.com\/pt-pt\/sobre\/","og_site_name":"Algarve Tech Hub Summit","article_modified_time":"2024-07-11T16:48:13+00:00","og_image":[{"width":1792,"height":1138,"url":"https:\/\/algarvesummit.com\/wp-content\/uploads\/2025\/10\/Algarve-Tech-Hub-Summit-2025-Lagos.png","type":"image\/png"}],"twitter_card":"summary_large_image","twitter_misc":{"Tempo estimado de leitura":"2 minutos"},"schema":{"@context":"https:\/\/schema.org","@graph":[{"@type":"WebPage","@id":"https:\/\/algarvesummit.com\/pt-pt\/sobre\/","url":"https:\/\/algarvesummit.com\/pt-pt\/sobre\/","name":"Sobre - Algarve Tech Hub Summit","isPartOf":{"@id":"https:\/\/algarvesummit.com\/pt-pt\/#website"},"datePublished":"2022-02-24T16:00:47+00:00","dateModified":"2024-07-11T16:48:13+00:00","breadcrumb":{"@id":"https:\/\/algarvesummit.com\/pt-pt\/sobre\/#breadcrumb"},"inLanguage":"pt-PT","potentialAction":[{"@type":"ReadAction","target":["https:\/\/algarvesummit.com\/pt-pt\/sobre\/"]}]},{"@type":"BreadcrumbList","@id":"https:\/\/algarvesummit.com\/pt-pt\/sobre\/#breadcrumb","itemListElement":[{"@type":"ListItem","position":1,"name":"In\u00edcio","item":"https:\/\/algarvesummit.com\/pt-pt\/"},{"@type":"ListItem","position":2,"name":"Sobre"}]},{"@type":"WebSite","@id":"https:\/\/algarvesummit.com\/pt-pt\/#website","url":"https:\/\/algarvesummit.com\/pt-pt\/","name":"Algarve Tech Hub Summit","description":"Algarve Tech Hub Summit","publisher":{"@id":"https:\/\/algarvesummit.com\/pt-pt\/#organization"},"alternateName":"ATH","potentialAction":[{"@type":"SearchAction","target":{"@type":"EntryPoint","urlTemplate":"https:\/\/algarvesummit.com\/pt-pt\/?s={search_term_string}"},"query-input":{"@type":"PropertyValueSpecification","valueRequired":true,"valueName":"search_term_string"}}],"inLanguage":"pt-PT"},{"@type":"Organization","@id":"https:\/\/algarvesummit.com\/pt-pt\/#organization","name":"ATH","alternateName":"ATH","url":"https:\/\/algarvesummit.com\/pt-pt\/","logo":{"@type":"ImageObject","inLanguage":"pt-PT","@id":"https:\/\/algarvesummit.com\/pt-pt\/#\/schema\/logo\/image\/","url":"https:\/\/algarvesummit.com\/wp-content\/uploads\/2025\/08\/cores_horizontal.png","contentUrl":"https:\/\/algarvesummit.com\/wp-content\/uploads\/2025\/08\/cores_horizontal.png","width":2536,"height":801,"caption":"ATH"},"image":{"@id":"https:\/\/algarvesummit.com\/pt-pt\/#\/schema\/logo\/image\/"}}]}},"_links":{"self":[{"href":"https:\/\/algarvesummit.com\/pt-pt\/wp-json\/wp\/v2\/pages\/341","targetHints":{"allow":["GET"]}}],"collection":[{"href":"https:\/\/algarvesummit.com\/pt-pt\/wp-json\/wp\/v2\/pages"}],"about":[{"href":"https:\/\/algarvesummit.com\/pt-pt\/wp-json\/wp\/v2\/types\/page"}],"author":[{"embeddable":true,"href":"https:\/\/algarvesummit.com\/pt-pt\/wp-json\/wp\/v2\/users\/1"}],"replies":[{"embeddable":true,"href":"https:\/\/algarvesummit.com\/pt-pt\/wp-json\/wp\/v2\/comments?post=341"}],"version-history":[{"count":5,"href":"https:\/\/algarvesummit.com\/pt-pt\/wp-json\/wp\/v2\/pages\/341\/revisions"}],"predecessor-version":[{"id":1361,"href":"https:\/\/algarvesummit.com\/pt-pt\/wp-json\/wp\/v2\/pages\/341\/revisions\/1361"}],"wp:attachment":[{"href":"https:\/\/algarvesummit.com\/pt-pt\/wp-json\/wp\/v2\/media?parent=341"}],"curies":[{"name":"wp","href":"https:\/\/api.w.org\/{rel}","templated":true}]}}