{"id":450,"date":"2022-03-07T10:39:30","date_gmt":"2022-03-07T10:39:30","guid":{"rendered":"https:\/\/algarvesummit.com\/?page_id=450"},"modified":"2024-09-08T15:24:50","modified_gmt":"2024-09-08T15:24:50","slug":"pre-registo","status":"publish","type":"page","link":"https:\/\/algarvesummit.com\/pt-pt\/pre-registo\/","title":{"rendered":"Pr\u00e9-Registo"},"content":{"rendered":"\n\t<div id=\"gap-434439398\" class=\"gap-element clearfix\" style=\"display:block; height:auto;\">\n\t\t\n<style>\n#gap-434439398 {\n  padding-top: 30px;\n}\n<\/style>\n\t<\/div>\n\t\n\n\t<div id=\"text-1657201624\" class=\"text\">\n\t\t\n\n<h1>ATH Summit 2024 &#8211; Pre-Registo<\/h1>\n\t\t\n<style>\n#text-1657201624 {\n  font-size: 1.5rem;\n  text-align: center;\n  color: rgb(0,0,0);\n}\n#text-1657201624 > * {\n  color: rgb(0,0,0);\n}\n@media (min-width:550px) {\n  #text-1657201624 {\n    font-size: 2.2rem;\n  }\n}\n<\/style>\n\t<\/div>\n\t\n\t<div id=\"text-3697531753\" class=\"text\">\n\t\t\n\n<h2 class=\"p1\"><b> N\u00e3o percas, o pr\u00e9-registo para o ATH Summit 2024 j\u00e1 est\u00e1 ABERTO. <\/b><b><\/b><\/h2>\n\n\t\t\n<style>\n#text-3697531753 {\n  text-align: center;\n  color: rgb(0,0,0);\n}\n#text-3697531753 > * {\n  color: rgb(0,0,0);\n}\n<\/style>\n\t<\/div>\n\t\n\t<div id=\"gap-1172028476\" class=\"gap-element clearfix\" style=\"display:block; height:auto;\">\n\t\t\n<style>\n#gap-1172028476 {\n  padding-top: 30px;\n}\n<\/style>\n\t<\/div>\n\t\n\n<div class=\"row\"  id=\"row-607015362\">\n\n\n\t<div id=\"col-1016591545\" class=\"col small-12 large-12\"  >\n\t\t\t\t<div class=\"col-inner\"  >\n\t\t\t\n\t\t\t\n\n\t<div id=\"text-2559458676\" class=\"text\">\n\t\t\n\n<p class=\"p1\">O Algarve Tech Hub (ATH) Summit \u00e9 o principal evento de Inova\u00e7\u00e3o e Tecnologia da regi\u00e3o do Algarve. Durante tr\u00eas dias, centenas de indiv\u00edduos participam na promo\u00e7\u00e3o do ecossistema de inova\u00e7\u00e3o do Algarve, com o objetivo de potenciar o crescimento econ\u00f3mico na regi\u00e3o.<\/p>\n<p class=\"p1\">O programa \u00e9 dedicado a v\u00e1rias \u00e1reas da especializa\u00e7\u00e3o inteligente e conta com um excelente painel de oradores nacionais e internacionais, incluindo membros do governo, l\u00edderes de empresas, investidores e refer\u00eancias dos v\u00e1rios setores.T<\/p>\n<p class=\"p1\"><b>Este ano, estamos entusiasmados por anunciar que o evento ter\u00e1 uma nova localiza\u00e7\u00e3o, o Hotel Al\u00edsios em Albufeira, onde podes aprender com grandes oradores e construir conex\u00f5es empresariais poderosas com empresas, comunidades e indiv\u00edduos, tudo isto, enquanto sentes a brisa marinha e o sol algarvio. Junta-te a n\u00f3s para pain\u00e9is din\u00e2micos e interativos, fireside chats inspiradores, uma startup competition excitante, workshops e muito networking. O ATH SUMMIT promete trazer muitas emo\u00e7\u00f5es a todos os participantes! <\/b><\/p>\n\t\t\n<style>\n#text-2559458676 {\n  text-align: left;\n  color: rgb(0, 0, 0);\n}\n#text-2559458676 > * {\n  color: rgb(0, 0, 0);\n}\n<\/style>\n\t<\/div>\n\t\n\t<div id=\"gap-16116582\" class=\"gap-element clearfix\" style=\"display:block; height:auto;\">\n\t\t\n<style>\n#gap-16116582 {\n  padding-top: 40px;\n}\n@media (min-width:550px) {\n  #gap-16116582 {\n    padding-top: 60px;\n  }\n}\n<\/style>\n\t<\/div>\n\t\n\n<div class=\"row row-large\"  id=\"row-392921319\">\n\n\n\t<div id=\"col-140233362\" class=\"col hide-for-small medium-3 small-12 large-3\"  >\n\t\t\t\t<div class=\"col-inner text-left\"  >\n\t\t\t\n\t\t\t\n\n\n\n<script src=\"https:\/\/unpkg.com\/@dotlottie\/player-component@latest\/dist\/dotlottie-player.mjs\" type=\"module\"><\/script> \n\n    <dotlottie-player src=\"https:\/\/lottie.host\/82e4606c-7154-4bb7-9d54-cfc44514d435\/NdQ3AdoGIf.json\" background=\"transparent\" speed=\"1\" style=\"width: 300px; height: 300px;\" loop autoplay><\/dotlottie-player>\n\n\n\t\t<\/div>\n\t\t\t\t\n<style>\n#col-140233362 > .col-inner {\n  padding: 0px 40px 0px 0px;\n}\n<\/style>\n\t<\/div>\n\n\t\n\n\t<div id=\"col-162534728\" class=\"col medium-9 small-12 large-9\"  >\n\t\t\t\t<div class=\"col-inner\"  >\n\t\t\t\n\t\t\t\n\n\n<div class=\"wpcf7 no-js\" id=\"wpcf7-f1456-o1\" lang=\"en-US\" dir=\"ltr\">\n<div class=\"screen-reader-response\"><p role=\"status\" aria-live=\"polite\" aria-atomic=\"true\"><\/p> <ul><\/ul><\/div>\n<form action=\"\/pt-pt\/wp-json\/wp\/v2\/pages\/450#wpcf7-f1456-o1\" method=\"post\" class=\"wpcf7-form init\" aria-label=\"Contact form\" novalidate=\"novalidate\" data-status=\"init\">\n<div style=\"display: none;\">\n<input type=\"hidden\" name=\"_wpcf7\" value=\"1456\" \/>\n<input type=\"hidden\" name=\"_wpcf7_version\" value=\"5.9.8\" \/>\n<input type=\"hidden\" name=\"_wpcf7_locale\" value=\"en_US\" \/>\n<input type=\"hidden\" name=\"_wpcf7_unit_tag\" value=\"wpcf7-f1456-o1\" \/>\n<input type=\"hidden\" name=\"_wpcf7_container_post\" value=\"0\" \/>\n<input type=\"hidden\" name=\"_wpcf7_posted_data_hash\" value=\"\" \/>\n<input type=\"hidden\" name=\"_wpcf7_recaptcha_response\" value=\"\" \/>\n<\/div>\n<div class=\"form-flat\">\n\t<p><span class=\"wpcf7-form-control-wrap\" data-name=\"your-name\"><input size=\"40\" maxlength=\"400\" class=\"wpcf7-form-control wpcf7-text wpcf7-validates-as-required\" aria-required=\"true\" aria-invalid=\"false\" placeholder=\"O seu Nome(*)\" value=\"\" type=\"text\" name=\"your-name\" \/><\/span><br \/>\n<span class=\"wpcf7-form-control-wrap\" data-name=\"your-email\"><input size=\"40\" maxlength=\"400\" class=\"wpcf7-form-control wpcf7-email wpcf7-validates-as-required wpcf7-text wpcf7-validates-as-email\" aria-required=\"true\" aria-invalid=\"false\" placeholder=\"O seu Email (*)\" value=\"\" type=\"email\" name=\"your-email\" \/><\/span><br \/>\n<span class=\"wpcf7-form-control-wrap\" data-name=\"menu-812\"><select class=\"wpcf7-form-control wpcf7-select wpcf7-validates-as-required categoria\" id=\"categoria\" aria-required=\"true\" aria-invalid=\"false\" name=\"menu-812\"><option value=\"\">Escolher Categoria(*)<\/option><option value=\"Fundador de Startup\">Fundador de Startup<\/option><option value=\"Empreendedor\">Empreendedor<\/option><option value=\"Business Owner\">Business Owner<\/option><option value=\"Investidor\">Investidor<\/option><option value=\"Freelancer\">Freelancer<\/option><option value=\"Representante de Entidade Governamental\">Representante de Entidade Governamental<\/option><option value=\"Consultor\">Consultor<\/option><option value=\"Especialista de Ind\u00fastria\">Especialista de Ind\u00fastria<\/option><option value=\"Profissional de Institui\u00e7\u00e3o de Ensino\">Profissional de Institui\u00e7\u00e3o de Ensino<\/option><option value=\"Trabalhador Non-Profit\">Trabalhador Non-Profit<\/option><option value=\"Imprensa\">Imprensa<\/option><option value=\"Trabalhador por conta de outr\u00e9m\">Trabalhador por conta de outr\u00e9m<\/option><option value=\"Estudante\">Estudante<\/option><\/select><\/span><br \/>\n<span class=\"wpcf7-form-control-wrap\" data-name=\"CompanyAcademicInstitutionname\"><input size=\"40\" maxlength=\"400\" class=\"wpcf7-form-control wpcf7-text wpcf7-validates-as-required\" aria-required=\"true\" aria-invalid=\"false\" placeholder=\"Nome da Empresa\/Institui\u00e7\u00e3o Acad\u00e9mica (*)\" value=\"\" type=\"text\" name=\"CompanyAcademicInstitutionname\" \/><\/span><br \/>\n<span class=\"wpcf7-form-control-wrap\" data-name=\"JobTitle\"><input size=\"40\" maxlength=\"400\" class=\"wpcf7-form-control wpcf7-text wpcf7-validates-as-required\" aria-required=\"true\" aria-invalid=\"false\" placeholder=\"Cargo (*)\" value=\"\" type=\"text\" name=\"JobTitle\" \/><\/span>\n\t<\/p>\n\t<p><span class=\"wpcf7-form-control-wrap\" data-name=\"acceptance-707\"><span class=\"wpcf7-form-control wpcf7-acceptance\"><span class=\"wpcf7-list-item\"><label><input type=\"checkbox\" name=\"acceptance-707\" value=\"1\" aria-invalid=\"false\" \/><span class=\"wpcf7-list-item-label\">Autorizo \u200b\u200bque a Algarve Summit me envie e-mails relativos ao evento e guarde a informa\u00e7\u00e3o submetida em conformidade com as disposi\u00e7\u00f5es do RGPD.<\/span><\/label><\/span><\/span><\/span>\n\t<\/p>\n\t<p><input class=\"wpcf7-form-control wpcf7-submit has-spinner button\" type=\"submit\" value=\"Enviar\" \/>\n\t<\/p>\n<\/div><div class=\"wpcf7-response-output\" aria-hidden=\"true\"><\/div>\n<\/form>\n<\/div>\n\n\n\n\t\t<\/div>\n\t\t\t\t\n<style>\n#col-162534728 > .col-inner {\n  padding: 0px 0px 0px 0px0;\n}\n@media (min-width:550px) {\n  #col-162534728 > .col-inner {\n    padding: 0px 0px 0px 40px;\n  }\n}\n<\/style>\n\t<\/div>\n\n\t\n\n<\/div>\n\t<div id=\"text-773937793\" class=\"text\">\n\t\t\n\n<p class=\"p1\" style=\"text-align: center;\"><b>Pre-Regista-te e beneficia de descontos!<\/b><br \/>Estes tickets s\u00e3o muito limitados. Pr\u00e9-regista-te agora e n\u00e3o percas pitada!<\/p>\n<p class=\"p1\" style=\"text-align: center;\"><b>O Pr\u00e9-registo \u00e9 poss\u00edvel at\u00e9 ao dis 23 Setembro 2024 &#8211; 23:59.<\/b><br \/><i>Por favor nota que o pr\u00e9-registo n\u00e3o garante um bilhete.<\/i><\/p>\n\t\t\n<style>\n#text-773937793 {\n  font-size: 0.85rem;\n  line-height: 1.1;\n  text-align: center;\n  color: rgb(0,0,0);\n}\n#text-773937793 > * {\n  color: rgb(0,0,0);\n}\n<\/style>\n\t<\/div>\n\t\n\n\t\t<\/div>\n\t\t\t\t\t<\/div>\n\n\t\n\n<\/div>\n\t<div id=\"gap-2089568927\" class=\"gap-element clearfix\" style=\"display:block; height:auto;\">\n\t\t\n<style>\n#gap-2089568927 {\n  padding-top: 40px;\n}\n<\/style>\n\t<\/div>\n\t\n\n\n","protected":false},"excerpt":{"rendered":"","protected":false},"author":1,"featured_media":0,"parent":0,"menu_order":0,"comment_status":"closed","ping_status":"closed","template":"","meta":{"footnotes":""},"class_list":["post-450","page","type-page","status-publish","hentry"],"yoast_head":"<!-- This site is optimized with the Yoast SEO plugin v23.6 - https:\/\/yoast.com\/wordpress\/plugins\/seo\/ -->\n<title>Pr\u00e9-Registo - Algarve Tech Hub Summit<\/title>\n<meta name=\"robots\" content=\"index, follow, max-snippet:-1, max-image-preview:large, max-video-preview:-1\" \/>\n<link rel=\"canonical\" href=\"https:\/\/algarvesummit.com\/pt-pt\/pre-registo\/\" \/>\n<meta property=\"og:locale\" content=\"pt_PT\" \/>\n<meta property=\"og:type\" content=\"article\" \/>\n<meta property=\"og:title\" content=\"Pr\u00e9-Registo - Algarve Tech Hub Summit\" \/>\n<meta property=\"og:url\" content=\"https:\/\/algarvesummit.com\/pt-pt\/pre-registo\/\" \/>\n<meta property=\"og:site_name\" content=\"Algarve Tech Hub Summit\" \/>\n<meta property=\"article:modified_time\" content=\"2024-09-08T15:24:50+00:00\" \/>\n<meta property=\"og:image\" content=\"https:\/\/algarvesummit.com\/wp-content\/uploads\/2025\/10\/Algarve-Tech-Hub-Summit-2025-Lagos.png\" \/>\n\t<meta property=\"og:image:width\" content=\"1792\" \/>\n\t<meta property=\"og:image:height\" content=\"1138\" \/>\n\t<meta property=\"og:image:type\" content=\"image\/png\" \/>\n<meta name=\"twitter:card\" content=\"summary_large_image\" \/>\n<meta name=\"twitter:label1\" content=\"Tempo estimado de leitura\" \/>\n\t<meta name=\"twitter:data1\" content=\"1 minuto\" \/>\n<script type=\"application\/ld+json\" class=\"yoast-schema-graph\">{\"@context\":\"https:\/\/schema.org\",\"@graph\":[{\"@type\":\"WebPage\",\"@id\":\"https:\/\/algarvesummit.com\/pt-pt\/pre-registo\/\",\"url\":\"https:\/\/algarvesummit.com\/pt-pt\/pre-registo\/\",\"name\":\"Pr\u00e9-Registo - Algarve Tech Hub Summit\",\"isPartOf\":{\"@id\":\"https:\/\/algarvesummit.com\/pt-pt\/#website\"},\"datePublished\":\"2022-03-07T10:39:30+00:00\",\"dateModified\":\"2024-09-08T15:24:50+00:00\",\"breadcrumb\":{\"@id\":\"https:\/\/algarvesummit.com\/pt-pt\/pre-registo\/#breadcrumb\"},\"inLanguage\":\"pt-PT\",\"potentialAction\":[{\"@type\":\"ReadAction\",\"target\":[\"https:\/\/algarvesummit.com\/pt-pt\/pre-registo\/\"]}]},{\"@type\":\"BreadcrumbList\",\"@id\":\"https:\/\/algarvesummit.com\/pt-pt\/pre-registo\/#breadcrumb\",\"itemListElement\":[{\"@type\":\"ListItem\",\"position\":1,\"name\":\"In\u00edcio\",\"item\":\"https:\/\/algarvesummit.com\/pt-pt\/\"},{\"@type\":\"ListItem\",\"position\":2,\"name\":\"Pr\u00e9-Registo\"}]},{\"@type\":\"WebSite\",\"@id\":\"https:\/\/algarvesummit.com\/pt-pt\/#website\",\"url\":\"https:\/\/algarvesummit.com\/pt-pt\/\",\"name\":\"Algarve Tech Hub Summit\",\"description\":\"Algarve Tech Hub Summit\",\"publisher\":{\"@id\":\"https:\/\/algarvesummit.com\/pt-pt\/#organization\"},\"alternateName\":\"ATH\",\"potentialAction\":[{\"@type\":\"SearchAction\",\"target\":{\"@type\":\"EntryPoint\",\"urlTemplate\":\"https:\/\/algarvesummit.com\/pt-pt\/?s={search_term_string}\"},\"query-input\":{\"@type\":\"PropertyValueSpecification\",\"valueRequired\":true,\"valueName\":\"search_term_string\"}}],\"inLanguage\":\"pt-PT\"},{\"@type\":\"Organization\",\"@id\":\"https:\/\/algarvesummit.com\/pt-pt\/#organization\",\"name\":\"ATH\",\"alternateName\":\"ATH\",\"url\":\"https:\/\/algarvesummit.com\/pt-pt\/\",\"logo\":{\"@type\":\"ImageObject\",\"inLanguage\":\"pt-PT\",\"@id\":\"https:\/\/algarvesummit.com\/pt-pt\/#\/schema\/logo\/image\/\",\"url\":\"https:\/\/algarvesummit.com\/wp-content\/uploads\/2025\/08\/cores_horizontal.png\",\"contentUrl\":\"https:\/\/algarvesummit.com\/wp-content\/uploads\/2025\/08\/cores_horizontal.png\",\"width\":2536,\"height\":801,\"caption\":\"ATH\"},\"image\":{\"@id\":\"https:\/\/algarvesummit.com\/pt-pt\/#\/schema\/logo\/image\/\"}}]}<\/script>\n<!-- \/ Yoast SEO plugin. -->","yoast_head_json":{"title":"Pr\u00e9-Registo - Algarve Tech Hub Summit","robots":{"index":"index","follow":"follow","max-snippet":"max-snippet:-1","max-image-preview":"max-image-preview:large","max-video-preview":"max-video-preview:-1"},"canonical":"https:\/\/algarvesummit.com\/pt-pt\/pre-registo\/","og_locale":"pt_PT","og_type":"article","og_title":"Pr\u00e9-Registo - Algarve Tech Hub Summit","og_url":"https:\/\/algarvesummit.com\/pt-pt\/pre-registo\/","og_site_name":"Algarve Tech Hub Summit","article_modified_time":"2024-09-08T15:24:50+00:00","og_image":[{"width":1792,"height":1138,"url":"https:\/\/algarvesummit.com\/wp-content\/uploads\/2025\/10\/Algarve-Tech-Hub-Summit-2025-Lagos.png","type":"image\/png"}],"twitter_card":"summary_large_image","twitter_misc":{"Tempo estimado de leitura":"1 minuto"},"schema":{"@context":"https:\/\/schema.org","@graph":[{"@type":"WebPage","@id":"https:\/\/algarvesummit.com\/pt-pt\/pre-registo\/","url":"https:\/\/algarvesummit.com\/pt-pt\/pre-registo\/","name":"Pr\u00e9-Registo - Algarve Tech Hub Summit","isPartOf":{"@id":"https:\/\/algarvesummit.com\/pt-pt\/#website"},"datePublished":"2022-03-07T10:39:30+00:00","dateModified":"2024-09-08T15:24:50+00:00","breadcrumb":{"@id":"https:\/\/algarvesummit.com\/pt-pt\/pre-registo\/#breadcrumb"},"inLanguage":"pt-PT","potentialAction":[{"@type":"ReadAction","target":["https:\/\/algarvesummit.com\/pt-pt\/pre-registo\/"]}]},{"@type":"BreadcrumbList","@id":"https:\/\/algarvesummit.com\/pt-pt\/pre-registo\/#breadcrumb","itemListElement":[{"@type":"ListItem","position":1,"name":"In\u00edcio","item":"https:\/\/algarvesummit.com\/pt-pt\/"},{"@type":"ListItem","position":2,"name":"Pr\u00e9-Registo"}]},{"@type":"WebSite","@id":"https:\/\/algarvesummit.com\/pt-pt\/#website","url":"https:\/\/algarvesummit.com\/pt-pt\/","name":"Algarve Tech Hub Summit","description":"Algarve Tech Hub Summit","publisher":{"@id":"https:\/\/algarvesummit.com\/pt-pt\/#organization"},"alternateName":"ATH","potentialAction":[{"@type":"SearchAction","target":{"@type":"EntryPoint","urlTemplate":"https:\/\/algarvesummit.com\/pt-pt\/?s={search_term_string}"},"query-input":{"@type":"PropertyValueSpecification","valueRequired":true,"valueName":"search_term_string"}}],"inLanguage":"pt-PT"},{"@type":"Organization","@id":"https:\/\/algarvesummit.com\/pt-pt\/#organization","name":"ATH","alternateName":"ATH","url":"https:\/\/algarvesummit.com\/pt-pt\/","logo":{"@type":"ImageObject","inLanguage":"pt-PT","@id":"https:\/\/algarvesummit.com\/pt-pt\/#\/schema\/logo\/image\/","url":"https:\/\/algarvesummit.com\/wp-content\/uploads\/2025\/08\/cores_horizontal.png","contentUrl":"https:\/\/algarvesummit.com\/wp-content\/uploads\/2025\/08\/cores_horizontal.png","width":2536,"height":801,"caption":"ATH"},"image":{"@id":"https:\/\/algarvesummit.com\/pt-pt\/#\/schema\/logo\/image\/"}}]}},"_links":{"self":[{"href":"https:\/\/algarvesummit.com\/pt-pt\/wp-json\/wp\/v2\/pages\/450","targetHints":{"allow":["GET"]}}],"collection":[{"href":"https:\/\/algarvesummit.com\/pt-pt\/wp-json\/wp\/v2\/pages"}],"about":[{"href":"https:\/\/algarvesummit.com\/pt-pt\/wp-json\/wp\/v2\/types\/page"}],"author":[{"embeddable":true,"href":"https:\/\/algarvesummit.com\/pt-pt\/wp-json\/wp\/v2\/users\/1"}],"replies":[{"embeddable":true,"href":"https:\/\/algarvesummit.com\/pt-pt\/wp-json\/wp\/v2\/comments?post=450"}],"version-history":[{"count":7,"href":"https:\/\/algarvesummit.com\/pt-pt\/wp-json\/wp\/v2\/pages\/450\/revisions"}],"predecessor-version":[{"id":1464,"href":"https:\/\/algarvesummit.com\/pt-pt\/wp-json\/wp\/v2\/pages\/450\/revisions\/1464"}],"wp:attachment":[{"href":"https:\/\/algarvesummit.com\/pt-pt\/wp-json\/wp\/v2\/media?parent=450"}],"curies":[{"name":"wp","href":"https:\/\/api.w.org\/{rel}","templated":true}]}}